{"id":1701,"date":"2025-08-21T04:25:29","date_gmt":"2025-08-21T02:25:29","guid":{"rendered":"https:\/\/otimizandosite.online\/abm\/?page_id=1701"},"modified":"2025-09-03T00:44:05","modified_gmt":"2025-09-02T22:44:05","slug":"empreendimentos","status":"publish","type":"page","link":"https:\/\/otimizandosite.online\/abm\/empreendimentos\/","title":{"rendered":"Empreendimentos"},"content":{"rendered":"\t\t<div data-elementor-type=\"wp-page\" data-elementor-id=\"1701\" class=\"elementor elementor-1701\" data-elementor-post-type=\"page\">\n\t\t\t\t<div class=\"elementor-element elementor-element-32a7081 e-con-full e-flex wpr-particle-no wpr-jarallax-no wpr-parallax-no wpr-sticky-section-no e-con e-parent\" data-id=\"32a7081\" data-element_type=\"container\">\n\t\t\t\t<\/div>\n\t\t<div class=\"elementor-element elementor-element-1072a7b e-flex e-con-boxed wpr-particle-no wpr-jarallax-no wpr-parallax-no wpr-sticky-section-no e-con e-parent\" data-id=\"1072a7b\" data-element_type=\"container\" data-settings=\"{&quot;background_background&quot;:&quot;classic&quot;}\">\n\t\t\t\t\t<div class=\"e-con-inner\">\n\t\t\t\t<div class=\"elementor-element elementor-element-b9260b8 animated-slow elementor-widget elementor-widget-heading\" data-id=\"b9260b8\" data-element_type=\"widget\" data-settings=\"{&quot;_animation&quot;:&quot;none&quot;}\" data-widget_type=\"heading.default\">\n\t\t\t\t\t<h2 class=\"elementor-heading-title elementor-size-default\">Nossos Empreendimentos:<\/h2>\t\t\t\t<\/div>\n\t\t\t\t\t<\/div>\n\t\t\t\t<\/div>\n\t\t<div class=\"elementor-element elementor-element-ea36742 e-flex e-con-boxed wpr-particle-no wpr-jarallax-no wpr-parallax-no wpr-sticky-section-no e-con e-parent\" data-id=\"ea36742\" data-element_type=\"container\">\n\t\t\t\t\t<div class=\"e-con-inner\">\n\t\t<div class=\"elementor-element elementor-element-f644782 e-con-full e-flex wpr-particle-no wpr-jarallax-no wpr-parallax-no wpr-sticky-section-no elementor-invisible e-con e-child\" data-id=\"f644782\" data-element_type=\"container\" data-settings=\"{&quot;animation&quot;:&quot;fadeInDown&quot;}\">\n\t\t\t\t<div data-ep-wrapper-link=\"{&quot;url&quot;:&quot;https:\\\/\\\/otimizandosite.online\\\/abm\\\/praia-de-gravata-prime-loteamento-fechado\\\/&quot;,&quot;is_external&quot;:&quot;&quot;,&quot;nofollow&quot;:&quot;&quot;,&quot;custom_attributes&quot;:&quot;&quot;}\" style=\"cursor: pointer\" class=\"bdt-element-link elementor-element elementor-element-87afc1f elementor-widget elementor-widget-image\" data-id=\"87afc1f\" data-element_type=\"widget\" data-widget_type=\"image.default\">\n\t\t\t\t\t\t\t\t\t\t\t\t\t\t\t<img fetchpriority=\"high\" decoding=\"async\" width=\"758\" height=\"568\" src=\"https:\/\/otimizandosite.online\/abm\/wp-content\/uploads\/2025\/08\/Captura-de-tela-2025-08-28-212529.png\" class=\"attachment-full size-full wp-image-1940\" alt=\"\" srcset=\"https:\/\/otimizandosite.online\/abm\/wp-content\/uploads\/2025\/08\/Captura-de-tela-2025-08-28-212529.png 758w, https:\/\/otimizandosite.online\/abm\/wp-content\/uploads\/2025\/08\/Captura-de-tela-2025-08-28-212529-300x225.png 300w\" sizes=\"(max-width: 758px) 100vw, 758px\" \/>\t\t\t\t\t\t\t\t\t\t\t\t\t\t\t<\/div>\n\t\t\t\t<div class=\"elementor-element elementor-element-b61579b elementor-invisible elementor-widget elementor-widget-heading\" data-id=\"b61579b\" data-element_type=\"widget\" data-settings=\"{&quot;_animation&quot;:&quot;fadeIn&quot;,&quot;_animation_mobile&quot;:&quot;fadeIn&quot;}\" data-widget_type=\"heading.default\">\n\t\t\t\t\t<h2 class=\"elementor-heading-title elementor-size-default\">Praia de Gravat\u00e1 Prime <\/h2>\t\t\t\t<\/div>\n\t\t\t\t<div class=\"elementor-element elementor-element-db08624 elementor-invisible elementor-widget elementor-widget-heading\" data-id=\"db08624\" data-element_type=\"widget\" data-settings=\"{&quot;_animation&quot;:&quot;fadeIn&quot;,&quot;_animation_mobile&quot;:&quot;fadeIn&quot;}\" data-widget_type=\"heading.default\">\n\t\t\t\t\t<h2 class=\"elementor-heading-title elementor-size-default\">Loteamento Fechado\n<\/h2>\t\t\t\t<\/div>\n\t\t\t\t<div class=\"elementor-element elementor-element-a796630 elementor-widget elementor-widget-text-editor\" data-id=\"a796630\" data-element_type=\"widget\" data-widget_type=\"text-editor.default\">\n\t\t\t\t\t\t\t\t\t<p>Experimente o luxo e a exclusividade na Praia de Gravat\u00e1.<\/p>\t\t\t\t\t\t\t\t<\/div>\n\t\t\t\t<div class=\"elementor-element elementor-element-07ac675 elementor-widget elementor-widget-button\" data-id=\"07ac675\" data-element_type=\"widget\" data-widget_type=\"button.default\">\n\t\t\t\t\t\t\t\t\t\t<a class=\"elementor-button elementor-button-link elementor-size-sm\" href=\"https:\/\/otimizandosite.online\/abm\/praia-de-gravata-prime-loteamento-fechado\/\">\n\t\t\t\t\t\t<span class=\"elementor-button-content-wrapper\">\n\t\t\t\t\t\t\t\t\t<span class=\"elementor-button-text\">Ver mais<\/span>\n\t\t\t\t\t<\/span>\n\t\t\t\t\t<\/a>\n\t\t\t\t\t\t\t\t<\/div>\n\t\t\t\t<\/div>\n\t\t<div class=\"elementor-element elementor-element-f267cb1 e-con-full e-flex wpr-particle-no wpr-jarallax-no wpr-parallax-no wpr-sticky-section-no elementor-invisible e-con e-child\" data-id=\"f267cb1\" data-element_type=\"container\" data-settings=\"{&quot;animation&quot;:&quot;fadeInDown&quot;}\">\n\t\t\t\t<div data-ep-wrapper-link=\"{&quot;url&quot;:&quot;https:\\\/\\\/otimizandosite.online\\\/abm\\\/praia-de-gravata\\\/&quot;,&quot;is_external&quot;:&quot;&quot;,&quot;nofollow&quot;:&quot;&quot;,&quot;custom_attributes&quot;:&quot;&quot;}\" style=\"cursor: pointer\" class=\"bdt-element-link elementor-element elementor-element-05091b6 elementor-widget elementor-widget-image\" data-id=\"05091b6\" data-element_type=\"widget\" data-widget_type=\"image.default\">\n\t\t\t\t\t\t\t\t\t\t\t\t\t\t\t<img decoding=\"async\" width=\"760\" height=\"567\" src=\"https:\/\/otimizandosite.online\/abm\/wp-content\/uploads\/2025\/08\/Captura-de-tela-2025-08-28-211350.png\" class=\"attachment-full size-full wp-image-1928\" alt=\"\" srcset=\"https:\/\/otimizandosite.online\/abm\/wp-content\/uploads\/2025\/08\/Captura-de-tela-2025-08-28-211350.png 760w, https:\/\/otimizandosite.online\/abm\/wp-content\/uploads\/2025\/08\/Captura-de-tela-2025-08-28-211350-300x224.png 300w\" sizes=\"(max-width: 760px) 100vw, 760px\" \/>\t\t\t\t\t\t\t\t\t\t\t\t\t\t\t<\/div>\n\t\t\t\t<div class=\"elementor-element elementor-element-f9aea01 elementor-invisible elementor-widget elementor-widget-heading\" data-id=\"f9aea01\" data-element_type=\"widget\" data-settings=\"{&quot;_animation&quot;:&quot;fadeIn&quot;,&quot;_animation_mobile&quot;:&quot;fadeIn&quot;}\" data-widget_type=\"heading.default\">\n\t\t\t\t\t<h2 class=\"elementor-heading-title elementor-size-default\">Praia de Gravat\u00e1<\/h2>\t\t\t\t<\/div>\n\t\t\t\t<div class=\"elementor-element elementor-element-e91ae82 elementor-invisible elementor-widget elementor-widget-heading\" data-id=\"e91ae82\" data-element_type=\"widget\" data-settings=\"{&quot;_animation&quot;:&quot;fadeIn&quot;,&quot;_animation_mobile&quot;:&quot;fadeIn&quot;}\" data-widget_type=\"heading.default\">\n\t\t\t\t\t<h2 class=\"elementor-heading-title elementor-size-default\">Loteamento Fechado\n<\/h2>\t\t\t\t<\/div>\n\t\t\t\t<div class=\"elementor-element elementor-element-1c2bae1 elementor-widget elementor-widget-text-editor\" data-id=\"1c2bae1\" data-element_type=\"widget\" data-widget_type=\"text-editor.default\">\n\t\t\t\t\t\t\t\t\t<p>Esse \u00e9 o equil\u00edbrio perfeito entre natureza e conforto na Praia de Gravat\u00e1!<\/p>\t\t\t\t\t\t\t\t<\/div>\n\t\t\t\t<div class=\"elementor-element elementor-element-412de16 elementor-widget elementor-widget-button\" data-id=\"412de16\" data-element_type=\"widget\" data-widget_type=\"button.default\">\n\t\t\t\t\t\t\t\t\t\t<a class=\"elementor-button elementor-button-link elementor-size-sm\" href=\"https:\/\/otimizandosite.online\/abm\/praia-de-gravata\/\">\n\t\t\t\t\t\t<span class=\"elementor-button-content-wrapper\">\n\t\t\t\t\t\t\t\t\t<span class=\"elementor-button-text\">Ver mais<\/span>\n\t\t\t\t\t<\/span>\n\t\t\t\t\t<\/a>\n\t\t\t\t\t\t\t\t<\/div>\n\t\t\t\t<\/div>\n\t\t<div class=\"elementor-element elementor-element-dd4a095 e-con-full e-flex wpr-particle-no wpr-jarallax-no wpr-parallax-no wpr-sticky-section-no elementor-invisible e-con e-child\" data-id=\"dd4a095\" data-element_type=\"container\" data-settings=\"{&quot;animation&quot;:&quot;fadeInDown&quot;}\">\n\t\t\t\t<div data-ep-wrapper-link=\"{&quot;url&quot;:&quot;https:\\\/\\\/otimizandosite.online\\\/abm\\\/praia-de-gravata-ecoresidence\\\/&quot;,&quot;is_external&quot;:&quot;&quot;,&quot;nofollow&quot;:&quot;&quot;,&quot;custom_attributes&quot;:&quot;&quot;}\" style=\"cursor: pointer\" class=\"bdt-element-link elementor-element elementor-element-700e193 elementor-widget elementor-widget-image\" data-id=\"700e193\" data-element_type=\"widget\" data-widget_type=\"image.default\">\n\t\t\t\t\t\t\t\t\t\t\t\t\t\t\t<img decoding=\"async\" width=\"758\" height=\"569\" src=\"https:\/\/otimizandosite.online\/abm\/wp-content\/uploads\/2025\/08\/Captura-de-tela-2025-08-28-212513.png\" class=\"attachment-full size-full wp-image-1939\" alt=\"\" srcset=\"https:\/\/otimizandosite.online\/abm\/wp-content\/uploads\/2025\/08\/Captura-de-tela-2025-08-28-212513.png 758w, https:\/\/otimizandosite.online\/abm\/wp-content\/uploads\/2025\/08\/Captura-de-tela-2025-08-28-212513-300x225.png 300w\" sizes=\"(max-width: 758px) 100vw, 758px\" \/>\t\t\t\t\t\t\t\t\t\t\t\t\t\t\t<\/div>\n\t\t\t\t<div class=\"elementor-element elementor-element-f114c4b elementor-invisible elementor-widget elementor-widget-heading\" data-id=\"f114c4b\" data-element_type=\"widget\" data-settings=\"{&quot;_animation&quot;:&quot;fadeIn&quot;,&quot;_animation_mobile&quot;:&quot;fadeIn&quot;}\" data-widget_type=\"heading.default\">\n\t\t\t\t\t<h2 class=\"elementor-heading-title elementor-size-default\">Praia de Gravat\u00e1 Ecoresidence<\/h2>\t\t\t\t<\/div>\n\t\t\t\t<div class=\"elementor-element elementor-element-8eff90a elementor-invisible elementor-widget elementor-widget-heading\" data-id=\"8eff90a\" data-element_type=\"widget\" data-settings=\"{&quot;_animation&quot;:&quot;fadeIn&quot;,&quot;_animation_mobile&quot;:&quot;fadeIn&quot;}\" data-widget_type=\"heading.default\">\n\t\t\t\t\t<h2 class=\"elementor-heading-title elementor-size-default\">Condom\u00ednio<\/h2>\t\t\t\t<\/div>\n\t\t\t\t<div class=\"elementor-element elementor-element-a03c1e8 elementor-widget elementor-widget-text-editor\" data-id=\"a03c1e8\" data-element_type=\"widget\" data-widget_type=\"text-editor.default\">\n\t\t\t\t\t\t\t\t\t<p>A infraestrutura moderna inclui um beach club, trilhas acess\u00edveis, quadra de esportes e seguran\u00e7a 24h.<\/p>\t\t\t\t\t\t\t\t<\/div>\n\t\t\t\t<div class=\"elementor-element elementor-element-426febe elementor-widget elementor-widget-button\" data-id=\"426febe\" data-element_type=\"widget\" data-widget_type=\"button.default\">\n\t\t\t\t\t\t\t\t\t\t<a class=\"elementor-button elementor-button-link elementor-size-sm\" href=\"https:\/\/otimizandosite.online\/abm\/praia-de-gravata-ecoresidence\/\">\n\t\t\t\t\t\t<span class=\"elementor-button-content-wrapper\">\n\t\t\t\t\t\t\t\t\t<span class=\"elementor-button-text\">Ver mais<\/span>\n\t\t\t\t\t<\/span>\n\t\t\t\t\t<\/a>\n\t\t\t\t\t\t\t\t<\/div>\n\t\t\t\t<\/div>\n\t\t<div class=\"elementor-element elementor-element-8508016 e-con-full e-flex wpr-particle-no wpr-jarallax-no wpr-parallax-no wpr-sticky-section-no elementor-invisible e-con e-child\" data-id=\"8508016\" data-element_type=\"container\" data-settings=\"{&quot;animation&quot;:&quot;fadeInDown&quot;}\">\n\t\t\t\t<div data-ep-wrapper-link=\"{&quot;url&quot;:&quot;https:\\\/\\\/otimizandosite.online\\\/abm\\\/praia-bela\\\/&quot;,&quot;is_external&quot;:&quot;&quot;,&quot;nofollow&quot;:&quot;&quot;,&quot;custom_attributes&quot;:&quot;&quot;}\" style=\"cursor: pointer\" class=\"bdt-element-link elementor-element elementor-element-871f98e elementor-widget elementor-widget-image\" data-id=\"871f98e\" data-element_type=\"widget\" data-widget_type=\"image.default\">\n\t\t\t\t\t\t\t\t\t\t\t\t\t\t\t<img loading=\"lazy\" decoding=\"async\" width=\"758\" height=\"566\" src=\"https:\/\/otimizandosite.online\/abm\/wp-content\/uploads\/2025\/08\/Captura-de-tela-2025-08-28-213138.png\" class=\"attachment-full size-full wp-image-1955\" alt=\"\" srcset=\"https:\/\/otimizandosite.online\/abm\/wp-content\/uploads\/2025\/08\/Captura-de-tela-2025-08-28-213138.png 758w, https:\/\/otimizandosite.online\/abm\/wp-content\/uploads\/2025\/08\/Captura-de-tela-2025-08-28-213138-300x224.png 300w\" sizes=\"(max-width: 758px) 100vw, 758px\" \/>\t\t\t\t\t\t\t\t\t\t\t\t\t\t\t<\/div>\n\t\t\t\t<div class=\"elementor-element elementor-element-8258130 elementor-invisible elementor-widget elementor-widget-heading\" data-id=\"8258130\" data-element_type=\"widget\" data-settings=\"{&quot;_animation&quot;:&quot;fadeIn&quot;,&quot;_animation_mobile&quot;:&quot;fadeIn&quot;}\" data-widget_type=\"heading.default\">\n\t\t\t\t\t<h2 class=\"elementor-heading-title elementor-size-default\">Praia Bela<\/h2>\t\t\t\t<\/div>\n\t\t\t\t<div class=\"elementor-element elementor-element-af55135 elementor-invisible elementor-widget elementor-widget-heading\" data-id=\"af55135\" data-element_type=\"widget\" data-settings=\"{&quot;_animation&quot;:&quot;fadeIn&quot;,&quot;_animation_mobile&quot;:&quot;fadeIn&quot;}\" data-widget_type=\"heading.default\">\n\t\t\t\t\t<h2 class=\"elementor-heading-title elementor-size-default\">Loteamento Fechado\n<\/h2>\t\t\t\t<\/div>\n\t\t\t\t<div class=\"elementor-element elementor-element-95d71b7 elementor-widget elementor-widget-text-editor\" data-id=\"95d71b7\" data-element_type=\"widget\" data-widget_type=\"text-editor.default\">\n\t\t\t\t\t\t\t\t\t<p>Infraestrutura conclu\u00edda, pronto para morar!<\/p>\t\t\t\t\t\t\t\t<\/div>\n\t\t\t\t<div class=\"elementor-element elementor-element-c95c31e elementor-widget elementor-widget-button\" data-id=\"c95c31e\" data-element_type=\"widget\" data-widget_type=\"button.default\">\n\t\t\t\t\t\t\t\t\t\t<a class=\"elementor-button elementor-button-link elementor-size-sm\" href=\"https:\/\/otimizandosite.online\/abm\/praia-bela\/\">\n\t\t\t\t\t\t<span class=\"elementor-button-content-wrapper\">\n\t\t\t\t\t\t\t\t\t<span class=\"elementor-button-text\">Ver mais<\/span>\n\t\t\t\t\t<\/span>\n\t\t\t\t\t<\/a>\n\t\t\t\t\t\t\t\t<\/div>\n\t\t\t\t<\/div>\n\t\t<div class=\"elementor-element elementor-element-d1aae30 e-con-full e-flex wpr-particle-no wpr-jarallax-no wpr-parallax-no wpr-sticky-section-no elementor-invisible e-con e-child\" data-id=\"d1aae30\" data-element_type=\"container\" data-settings=\"{&quot;animation&quot;:&quot;fadeInDown&quot;}\">\n\t\t\t\t<div data-ep-wrapper-link=\"{&quot;url&quot;:&quot;https:\\\/\\\/otimizandosite.online\\\/abm\\\/praia-de-gravata-ecoresidence-2\\\/&quot;,&quot;is_external&quot;:&quot;&quot;,&quot;nofollow&quot;:&quot;&quot;,&quot;custom_attributes&quot;:&quot;&quot;}\" style=\"cursor: pointer\" class=\"bdt-element-link elementor-element elementor-element-bca3f96 elementor-widget elementor-widget-image\" data-id=\"bca3f96\" data-element_type=\"widget\" data-widget_type=\"image.default\">\n\t\t\t\t\t\t\t\t\t\t\t\t\t\t\t<img loading=\"lazy\" decoding=\"async\" width=\"757\" height=\"569\" src=\"https:\/\/otimizandosite.online\/abm\/wp-content\/uploads\/2025\/08\/Captura-de-tela-2025-08-28-214250.png\" class=\"attachment-full size-full wp-image-1968\" alt=\"\" srcset=\"https:\/\/otimizandosite.online\/abm\/wp-content\/uploads\/2025\/08\/Captura-de-tela-2025-08-28-214250.png 757w, https:\/\/otimizandosite.online\/abm\/wp-content\/uploads\/2025\/08\/Captura-de-tela-2025-08-28-214250-300x225.png 300w\" sizes=\"(max-width: 757px) 100vw, 757px\" \/>\t\t\t\t\t\t\t\t\t\t\t\t\t\t\t<\/div>\n\t\t\t\t<div class=\"elementor-element elementor-element-d7d7bd7 elementor-invisible elementor-widget elementor-widget-heading\" data-id=\"d7d7bd7\" data-element_type=\"widget\" data-settings=\"{&quot;_animation&quot;:&quot;fadeIn&quot;,&quot;_animation_mobile&quot;:&quot;fadeIn&quot;}\" data-widget_type=\"heading.default\">\n\t\t\t\t\t<h2 class=\"elementor-heading-title elementor-size-default\">Ecolodge<\/h2>\t\t\t\t<\/div>\n\t\t\t\t<div class=\"elementor-element elementor-element-87a63dd elementor-invisible elementor-widget elementor-widget-heading\" data-id=\"87a63dd\" data-element_type=\"widget\" data-settings=\"{&quot;_animation&quot;:&quot;fadeIn&quot;,&quot;_animation_mobile&quot;:&quot;fadeIn&quot;}\" data-widget_type=\"heading.default\">\n\t\t\t\t\t<h2 class=\"elementor-heading-title elementor-size-default\">Bangal\u00f4s para aluguel<\/h2>\t\t\t\t<\/div>\n\t\t\t\t<div class=\"elementor-element elementor-element-8a4e1fb elementor-widget elementor-widget-text-editor\" data-id=\"8a4e1fb\" data-element_type=\"widget\" data-widget_type=\"text-editor.default\">\n\t\t\t\t\t\t\t\t\t<p>Bangal\u00f4s para loca\u00e7\u00e3o por temporada &#8211; exclusivo para casais<\/p>\t\t\t\t\t\t\t\t<\/div>\n\t\t\t\t<div class=\"elementor-element elementor-element-6168b2d elementor-widget elementor-widget-button\" data-id=\"6168b2d\" data-element_type=\"widget\" data-widget_type=\"button.default\">\n\t\t\t\t\t\t\t\t\t\t<a class=\"elementor-button elementor-button-link elementor-size-sm\" href=\"https:\/\/otimizandosite.online\/abm\/praia-de-gravata-ecoresidence-2\/\">\n\t\t\t\t\t\t<span class=\"elementor-button-content-wrapper\">\n\t\t\t\t\t\t\t\t\t<span class=\"elementor-button-text\">Ver mais<\/span>\n\t\t\t\t\t<\/span>\n\t\t\t\t\t<\/a>\n\t\t\t\t\t\t\t\t<\/div>\n\t\t\t\t<\/div>\n\t\t\t\t\t<\/div>\n\t\t\t\t<\/div>\n\t\t\t\t<\/div>\n\t\t","protected":false},"excerpt":{"rendered":"<p>Nossos Empreendimentos: Praia de Gravat\u00e1 Prime Loteamento Fechado Experimente o luxo e a exclusividade na Praia de Gravat\u00e1. Ver mais Praia de Gravat\u00e1 Loteamento Fechado Esse \u00e9 o equil\u00edbrio perfeito entre natureza e conforto na Praia de Gravat\u00e1! Ver mais Praia de Gravat\u00e1 Ecoresidence Condom\u00ednio A infraestrutura moderna inclui um beach club, trilhas acess\u00edveis, quadra de esportes e seguran\u00e7a 24h. Ver mais Praia Bela Loteamento Fechado Infraestrutura conclu\u00edda, pronto para morar! Ver mais Ecolodge Bangal\u00f4s para aluguel Bangal\u00f4s para loca\u00e7\u00e3o por temporada &#8211; exclusivo para casais Ver mais<\/p>\n","protected":false},"author":3,"featured_media":0,"parent":0,"menu_order":0,"comment_status":"closed","ping_status":"closed","template":"elementor_canvas","meta":{"footnotes":""},"class_list":["post-1701","page","type-page","status-publish","hentry"],"_links":{"self":[{"href":"https:\/\/otimizandosite.online\/abm\/wp-json\/wp\/v2\/pages\/1701","targetHints":{"allow":["GET"]}}],"collection":[{"href":"https:\/\/otimizandosite.online\/abm\/wp-json\/wp\/v2\/pages"}],"about":[{"href":"https:\/\/otimizandosite.online\/abm\/wp-json\/wp\/v2\/types\/page"}],"author":[{"embeddable":true,"href":"https:\/\/otimizandosite.online\/abm\/wp-json\/wp\/v2\/users\/3"}],"replies":[{"embeddable":true,"href":"https:\/\/otimizandosite.online\/abm\/wp-json\/wp\/v2\/comments?post=1701"}],"version-history":[{"count":71,"href":"https:\/\/otimizandosite.online\/abm\/wp-json\/wp\/v2\/pages\/1701\/revisions"}],"predecessor-version":[{"id":2190,"href":"https:\/\/otimizandosite.online\/abm\/wp-json\/wp\/v2\/pages\/1701\/revisions\/2190"}],"wp:attachment":[{"href":"https:\/\/otimizandosite.online\/abm\/wp-json\/wp\/v2\/media?parent=1701"}],"curies":[{"name":"wp","href":"https:\/\/api.w.org\/{rel}","templated":true}]}}