{"id":1488,"date":"2025-08-11T04:12:25","date_gmt":"2025-08-11T02:12:25","guid":{"rendered":"https:\/\/otimizandosite.online\/abm\/?page_id=1488"},"modified":"2025-09-01T03:14:43","modified_gmt":"2025-09-01T01:14:43","slug":"sustentabilidade","status":"publish","type":"page","link":"https:\/\/otimizandosite.online\/abm\/sustentabilidade\/","title":{"rendered":"Sustentabilidade"},"content":{"rendered":"\t\t<div data-elementor-type=\"wp-page\" data-elementor-id=\"1488\" class=\"elementor elementor-1488\" data-elementor-post-type=\"page\">\n\t\t\t\t<div class=\"elementor-element elementor-element-6a27324 e-con-full e-flex wpr-particle-no wpr-jarallax-no wpr-parallax-no wpr-sticky-section-no e-con e-parent\" data-id=\"6a27324\" data-element_type=\"container\">\n\t\t\t\t<\/div>\n\t\t<div class=\"elementor-element elementor-element-fa02004 e-flex e-con-boxed wpr-particle-no wpr-jarallax-no wpr-parallax-no wpr-sticky-section-no e-con e-parent\" data-id=\"fa02004\" data-element_type=\"container\" data-settings=\"{&quot;background_background&quot;:&quot;classic&quot;}\">\n\t\t\t\t\t<div class=\"e-con-inner\">\n\t\t\t\t<div class=\"elementor-element elementor-element-a95b43d animated-fast elementor-widget elementor-widget-heading\" data-id=\"a95b43d\" data-element_type=\"widget\" data-settings=\"{&quot;_animation&quot;:&quot;none&quot;}\" data-widget_type=\"heading.default\">\n\t\t\t\t\t<h2 class=\"elementor-heading-title elementor-size-default\">Sustentabilidade<\/h2>\t\t\t\t<\/div>\n\t\t\t\t\t<\/div>\n\t\t\t\t<\/div>\n\t\t<div class=\"elementor-element elementor-element-22118a7 e-con-full e-flex wpr-particle-no wpr-jarallax-no wpr-parallax-no wpr-sticky-section-no e-con e-parent\" data-id=\"22118a7\" data-element_type=\"container\">\n\t\t<div class=\"elementor-element elementor-element-066913d e-con-full e-flex wpr-particle-no wpr-jarallax-no wpr-parallax-no wpr-sticky-section-no e-con e-child\" data-id=\"066913d\" data-element_type=\"container\" data-settings=\"{&quot;background_background&quot;:&quot;slideshow&quot;,&quot;background_slideshow_gallery&quot;:[{&quot;id&quot;:1387,&quot;url&quot;:&quot;https:\\\/\\\/otimizandosite.online\\\/abm\\\/wp-content\\\/uploads\\\/2025\\\/08\\\/Design-sem-nome-20-2-scaled.png&quot;},{&quot;id&quot;:1349,&quot;url&quot;:&quot;https:\\\/\\\/otimizandosite.online\\\/abm\\\/wp-content\\\/uploads\\\/2025\\\/08\\\/Design-sem-nome-4.svg&quot;},{&quot;id&quot;:1345,&quot;url&quot;:&quot;https:\\\/\\\/otimizandosite.online\\\/abm\\\/wp-content\\\/uploads\\\/2025\\\/08\\\/dji_0402-scaled.jpg&quot;}],&quot;background_slideshow_loop&quot;:&quot;yes&quot;,&quot;background_slideshow_slide_duration&quot;:5000,&quot;background_slideshow_slide_transition&quot;:&quot;fade&quot;,&quot;background_slideshow_transition_duration&quot;:500}\">\n\t\t\t\t<\/div>\n\t\t<div class=\"elementor-element elementor-element-3f5a943 e-con-full e-flex wpr-particle-no wpr-jarallax-no wpr-parallax-no wpr-sticky-section-no e-con e-child\" data-id=\"3f5a943\" data-element_type=\"container\" data-settings=\"{&quot;background_background&quot;:&quot;classic&quot;}\">\n\t\t\t\t<div class=\"elementor-element elementor-element-292d642 elementor-widget elementor-widget-text-editor\" data-id=\"292d642\" data-element_type=\"widget\" data-widget_type=\"text-editor.default\">\n\t\t\t\t\t\t\t\t\t<p>Desde sua funda\u00e7\u00e3o, a ABM Incorpora\u00e7\u00f5es tem se dedicado \u00e0 preserva\u00e7\u00e3o de toda a mata nativa existente em suas propriedades, abrigando uma rica diversidade de animais raros, como tatus, gatos-do-mato e veados. H\u00e1 oito anos, a empresa iniciou um projeto de transforma\u00e7\u00e3o das \u00e1reas anteriormente cultivadas com coco e cana-de-a\u00e7\u00facar, implementando o plantio de eucalipto, mogno africano e ac\u00e1cia australiana, sempre respeitando as caracter\u00edsticas do solo para cada esp\u00e9cie.<\/p>\t\t\t\t\t\t\t\t<\/div>\n\t\t\t\t<\/div>\n\t\t\t\t<\/div>\n\t\t<footer class=\"elementor-element elementor-element-958d6d5 e-con-full e-flex wpr-particle-no wpr-jarallax-no wpr-parallax-no wpr-sticky-section-no e-con e-parent\" data-id=\"958d6d5\" data-element_type=\"container\">\n\t\t<div class=\"elementor-element elementor-element-0ad2291 e-con-full e-flex wpr-particle-no wpr-jarallax-no wpr-parallax-no wpr-sticky-section-no e-con e-child\" data-id=\"0ad2291\" data-element_type=\"container\" data-settings=\"{&quot;background_background&quot;:&quot;classic&quot;}\">\n\t\t\t\t<div class=\"elementor-element elementor-element-0294a73 elementor-widget elementor-widget-image\" data-id=\"0294a73\" data-element_type=\"widget\" data-widget_type=\"image.default\">\n\t\t\t\t\t\t\t\t\t\t\t\t\t\t\t<img fetchpriority=\"high\" decoding=\"async\" width=\"800\" height=\"533\" src=\"https:\/\/otimizandosite.online\/abm\/wp-content\/uploads\/2025\/08\/Imagem-do-WhatsApp-de-2025-08-08-as-14.40.54_19cab967-1024x682.jpg\" class=\"attachment-large size-large wp-image-1433\" alt=\"\" srcset=\"https:\/\/otimizandosite.online\/abm\/wp-content\/uploads\/2025\/08\/Imagem-do-WhatsApp-de-2025-08-08-as-14.40.54_19cab967-1024x682.jpg 1024w, https:\/\/otimizandosite.online\/abm\/wp-content\/uploads\/2025\/08\/Imagem-do-WhatsApp-de-2025-08-08-as-14.40.54_19cab967-300x200.jpg 300w, https:\/\/otimizandosite.online\/abm\/wp-content\/uploads\/2025\/08\/Imagem-do-WhatsApp-de-2025-08-08-as-14.40.54_19cab967-768x511.jpg 768w, https:\/\/otimizandosite.online\/abm\/wp-content\/uploads\/2025\/08\/Imagem-do-WhatsApp-de-2025-08-08-as-14.40.54_19cab967.jpg 1280w\" sizes=\"(max-width: 800px) 100vw, 800px\" \/>\t\t\t\t\t\t\t\t\t\t\t\t\t\t\t<\/div>\n\t\t\t\t<\/div>\n\t\t<div class=\"elementor-element elementor-element-a7c36b5 e-con-full e-flex wpr-particle-no wpr-jarallax-no wpr-parallax-no wpr-sticky-section-no e-con e-child\" data-id=\"a7c36b5\" data-element_type=\"container\" data-settings=\"{&quot;background_background&quot;:&quot;classic&quot;}\">\n\t\t\t\t<div class=\"elementor-element elementor-element-770e87a elementor-widget elementor-widget-text-editor\" data-id=\"770e87a\" data-element_type=\"widget\" data-widget_type=\"text-editor.default\">\n\t\t\t\t\t\t\t\t\t<p>No entorno das nascentes d\u2019\u00e1gua, a ABM adotou o <strong>plantio estrat\u00e9gico do ingazeiro,<\/strong> reconhecido por sua efici\u00eancia na prote\u00e7\u00e3o e revitaliza\u00e7\u00e3o dessas \u00e1reas. Este compromisso reflete a ades\u00e3o da empresa \u00e0s pr\u00e1ticas modernas de preserva\u00e7\u00e3o, sustentabilidade e aos princ\u00edpios de <strong>ESG (Environmental, Social, and Governance).<\/strong><\/p>\t\t\t\t\t\t\t\t<\/div>\n\t\t\t\t<div class=\"elementor-element elementor-element-f4e24c4 elementor-widget-divider--view-line elementor-widget elementor-widget-divider\" data-id=\"f4e24c4\" data-element_type=\"widget\" data-widget_type=\"divider.default\">\n\t\t\t\t\t\t\t<div class=\"elementor-divider\">\n\t\t\t<span class=\"elementor-divider-separator\">\n\t\t\t\t\t\t<\/span>\n\t\t<\/div>\n\t\t\t\t\t\t<\/div>\n\t\t\t\t<div class=\"elementor-element elementor-element-63de5bc elementor-widget elementor-widget-text-editor\" data-id=\"63de5bc\" data-element_type=\"widget\" data-widget_type=\"text-editor.default\">\n\t\t\t\t\t\t\t\t\t<p>A ABM est\u00e1 comprometida com a implementa\u00e7\u00e3o de <strong>pr\u00e1ticas sustent\u00e1veis<\/strong> que promovem a biodiversidade e a prote\u00e7\u00e3o ambiental. O trabalho cont\u00ednuo da empresa em restaura\u00e7\u00e3o ecol\u00f3gica e gest\u00e3o respons\u00e1vel das terras refor\u00e7a sua dedica\u00e7\u00e3o \u00e0 constru\u00e7\u00e3o de um futuro mais verde e sustent\u00e1vel para as pr\u00f3ximas gera\u00e7\u00f5es.<\/p>\t\t\t\t\t\t\t\t<\/div>\n\t\t\t\t<\/div>\n\t\t\t\t<\/footer>\n\t\t<div class=\"elementor-element elementor-element-d00a3c6 e-flex e-con-boxed wpr-particle-no wpr-jarallax-no wpr-parallax-no wpr-sticky-section-no e-con e-parent\" data-id=\"d00a3c6\" data-element_type=\"container\" data-settings=\"{&quot;background_background&quot;:&quot;classic&quot;}\">\n\t\t\t\t\t<div class=\"e-con-inner\">\n\t\t<div class=\"elementor-element elementor-element-4975fd2 e-con-full e-flex wpr-particle-no wpr-jarallax-no wpr-parallax-no wpr-sticky-section-no e-con e-child\" data-id=\"4975fd2\" data-element_type=\"container\" data-settings=\"{&quot;background_background&quot;:&quot;gradient&quot;}\">\n\t\t<div class=\"elementor-element elementor-element-30b3755 e-con-full e-flex wpr-particle-no wpr-jarallax-no wpr-parallax-no wpr-sticky-section-no e-con e-child\" data-id=\"30b3755\" data-element_type=\"container\">\n\t\t\t\t<div class=\"elementor-element elementor-element-04567af elementor-widget elementor-widget-counter\" data-id=\"04567af\" data-element_type=\"widget\" data-widget_type=\"counter.default\">\n\t\t\t\t\t\t\t<div class=\"elementor-counter\">\n\t\t\t<div class=\"elementor-counter-title\">Anos no mercado<\/div>\t\t\t<div class=\"elementor-counter-number-wrapper\">\n\t\t\t\t<span class=\"elementor-counter-number-prefix\">+<\/span>\n\t\t\t\t<span class=\"elementor-counter-number\" data-duration=\"2000\" data-to-value=\"24\" data-from-value=\"0\" data-delimiter=\",\">0<\/span>\n\t\t\t\t<span class=\"elementor-counter-number-suffix\"><\/span>\n\t\t\t<\/div>\n\t\t<\/div>\n\t\t\t\t\t\t<\/div>\n\t\t\t\t<\/div>\n\t\t<div class=\"elementor-element elementor-element-7b6dda9 e-con-full e-flex wpr-particle-no wpr-jarallax-no wpr-parallax-no wpr-sticky-section-no e-con e-child\" data-id=\"7b6dda9\" data-element_type=\"container\">\n\t\t\t\t<div class=\"elementor-element elementor-element-578d9c5 elementor-widget elementor-widget-counter\" data-id=\"578d9c5\" data-element_type=\"widget\" data-widget_type=\"counter.default\">\n\t\t\t\t\t\t\t<div class=\"elementor-counter\">\n\t\t\t<div class=\"elementor-counter-title\">Unidades entregues<\/div>\t\t\t<div class=\"elementor-counter-number-wrapper\">\n\t\t\t\t<span class=\"elementor-counter-number-prefix\">+<\/span>\n\t\t\t\t<span class=\"elementor-counter-number\" data-duration=\"2000\" data-to-value=\"3.398\" data-from-value=\"0\" data-delimiter=\",\">0<\/span>\n\t\t\t\t<span class=\"elementor-counter-number-suffix\"><\/span>\n\t\t\t<\/div>\n\t\t<\/div>\n\t\t\t\t\t\t<\/div>\n\t\t\t\t<\/div>\n\t\t\t\t<\/div>\n\t\t\t\t\t<\/div>\n\t\t\t\t<\/div>\n\t\t<div class=\"elementor-element elementor-element-920af24 e-flex e-con-boxed wpr-particle-no wpr-jarallax-no wpr-parallax-no wpr-sticky-section-no e-con e-parent\" data-id=\"920af24\" data-element_type=\"container\">\n\t\t\t\t\t<div class=\"e-con-inner\">\n\t\t\t\t<div class=\"elementor-element elementor-element-d6d07c7 animated-slow elementor-invisible elementor-widget elementor-widget-heading\" data-id=\"d6d07c7\" data-element_type=\"widget\" data-settings=\"{&quot;_animation&quot;:&quot;fadeInLeft&quot;}\" data-widget_type=\"heading.default\">\n\t\t\t\t\t<h2 class=\"elementor-heading-title elementor-size-default\">Voc\u00ea a um passo de ter o seu ref\u00fagio!<\/h2>\t\t\t\t<\/div>\n\t\t\t\t\t<\/div>\n\t\t\t\t<\/div>\n\t\t<div class=\"elementor-element elementor-element-fda7c57 e-flex e-con-boxed wpr-particle-no wpr-jarallax-no wpr-parallax-no wpr-sticky-section-no e-con e-parent\" data-id=\"fda7c57\" data-element_type=\"container\">\n\t\t\t\t\t<div class=\"e-con-inner\">\n\t\t<div class=\"elementor-element elementor-element-84dce5d e-con-full e-flex wpr-particle-no wpr-jarallax-no wpr-parallax-no wpr-sticky-section-no elementor-invisible e-con e-child\" data-id=\"84dce5d\" data-element_type=\"container\" data-settings=\"{&quot;animation&quot;:&quot;fadeInDown&quot;}\">\n\t\t\t\t<div class=\"elementor-element elementor-element-2f2a82a animated-slow elementor-invisible elementor-widget elementor-widget-text-editor\" data-id=\"2f2a82a\" data-element_type=\"widget\" data-settings=\"{&quot;_animation&quot;:&quot;fadeInUp&quot;}\" data-widget_type=\"text-editor.default\">\n\t\t\t\t\t\t\t\t\t<p><span style=\"vertical-align: inherit;\"><span style=\"vertical-align: inherit;\">Preencha o formul\u00e1rio:<\/span><\/span><\/p>\t\t\t\t\t\t\t\t<\/div>\n\t\t\t\t<div class=\"elementor-element elementor-element-ac3eb60 elementor-widget__width-inherit wpr-forms-align-left wpr-forms-submit-left elementor-widget elementor-widget-wpr-forms\" data-id=\"ac3eb60\" data-element_type=\"widget\" data-widget_type=\"wpr-forms.default\">\n\t\t\t\t\t<div class=\"wpr-forms-container wpr-custom-chk-radio\">\n<div class=\"wpcf7 no-js\" id=\"wpcf7-f624-o1\" lang=\"pt-BR\" dir=\"ltr\" data-wpcf7-id=\"624\">\n<div class=\"screen-reader-response\"><p role=\"status\" aria-live=\"polite\" aria-atomic=\"true\"><\/p> <ul><\/ul><\/div>\n<form action=\"\/abm\/wp-json\/wp\/v2\/pages\/1488#wpcf7-f624-o1\" method=\"post\" class=\"wpcf7-form init\" aria-label=\"Formul\u00e1rios de contato\" novalidate=\"novalidate\" data-status=\"init\">\n<fieldset class=\"hidden-fields-container\"><input type=\"hidden\" name=\"_wpcf7\" value=\"624\" \/><input type=\"hidden\" name=\"_wpcf7_version\" value=\"6.1.1\" \/><input type=\"hidden\" name=\"_wpcf7_locale\" value=\"pt_BR\" \/><input type=\"hidden\" name=\"_wpcf7_unit_tag\" value=\"wpcf7-f624-o1\" \/><input type=\"hidden\" name=\"_wpcf7_container_post\" value=\"0\" \/><input type=\"hidden\" name=\"_wpcf7_posted_data_hash\" value=\"\" \/>\n<\/fieldset>\n<p><label>Nome:<\/label><span class=\"wpcf7-form-control-wrap\" data-name=\"text-151\"><input size=\"40\" maxlength=\"400\" class=\"wpcf7-form-control wpcf7-text\" aria-invalid=\"false\" value=\"\" type=\"text\" name=\"text-151\" \/><\/span>\n<\/p>\n<p><label> Telefone: <\/label><span class=\"wpcf7-form-control-wrap\" data-name=\"text-151\"><input size=\"40\" maxlength=\"400\" class=\"wpcf7-form-control wpcf7-text\" aria-invalid=\"false\" value=\"\" type=\"text\" name=\"text-151\" \/><\/span>\n<\/p>\n<p><label>Cidade\/Estado: <\/label><span class=\"wpcf7-form-control-wrap\" data-name=\"text-151\"><input size=\"40\" maxlength=\"400\" class=\"wpcf7-form-control wpcf7-text\" aria-invalid=\"false\" value=\"\" type=\"text\" name=\"text-151\" \/><\/span>\n<\/p>\n<p><label> Mensagem: <\/label><span class=\"wpcf7-form-control-wrap\" data-name=\"text-151\"><input size=\"40\" maxlength=\"400\" class=\"wpcf7-form-control wpcf7-text\" aria-invalid=\"false\" value=\"\" type=\"text\" name=\"text-151\" \/><\/span>\n<\/p>\n<p><label> Empreendimento de Interesse:<span class=\"wpcf7-form-control-wrap\" data-name=\"Motodeinteresse\"><select class=\"wpcf7-form-control wpcf7-select wpcf7-validates-as-required\" aria-required=\"true\" aria-invalid=\"false\" name=\"Motodeinteresse\"><option value=\"Praia Bela\">Praia Bela<\/option><option value=\"Praia de Gravat\u00e1 Eco residence\">Praia de Gravat\u00e1 Eco residence<\/option><option value=\"Praia de Gravat\u00e1 Prime\">Praia de Gravat\u00e1 Prime<\/option><option value=\"Praia de Gravat\u00e1\">Praia de Gravat\u00e1<\/option><option value=\"Bang\u00e2lo - Ecolodge\">Bang\u00e2lo - Ecolodge<\/option><\/select><\/span><br \/>\n<input class=\"wpcf7-form-control wpcf7-submit has-spinner\" type=\"submit\" value=\"Enviar\" \/><\/label>\n<\/p><div class=\"wpcf7-response-output\" aria-hidden=\"true\"><\/div>\n<\/form>\n<\/div>\n<\/div>\t\t\t\t<\/div>\n\t\t\t\t<\/div>\n\t\t\t\t\t<\/div>\n\t\t\t\t<\/div>\n\t\t\t\t<\/div>\n\t\t","protected":false},"excerpt":{"rendered":"<p>Sustentabilidade Desde sua funda\u00e7\u00e3o, a ABM Incorpora\u00e7\u00f5es tem se dedicado \u00e0 preserva\u00e7\u00e3o de toda a mata nativa existente em suas propriedades, abrigando uma rica diversidade de animais raros, como tatus, gatos-do-mato e veados. H\u00e1 oito anos, a empresa iniciou um projeto de transforma\u00e7\u00e3o das \u00e1reas anteriormente cultivadas com coco e cana-de-a\u00e7\u00facar, implementando o plantio de eucalipto, mogno africano e ac\u00e1cia australiana, sempre respeitando as caracter\u00edsticas do solo para cada esp\u00e9cie. No entorno das nascentes d\u2019\u00e1gua, a ABM adotou o plantio estrat\u00e9gico do ingazeiro, reconhecido por sua efici\u00eancia na prote\u00e7\u00e3o e revitaliza\u00e7\u00e3o dessas \u00e1reas. Este compromisso reflete a ades\u00e3o da empresa \u00e0s pr\u00e1ticas modernas de preserva\u00e7\u00e3o, sustentabilidade e aos princ\u00edpios de ESG (Environmental, Social, and Governance). A ABM est\u00e1 comprometida com a implementa\u00e7\u00e3o de pr\u00e1ticas sustent\u00e1veis que promovem a biodiversidade e a prote\u00e7\u00e3o ambiental. O trabalho cont\u00ednuo da empresa em restaura\u00e7\u00e3o ecol\u00f3gica e gest\u00e3o respons\u00e1vel das terras refor\u00e7a sua dedica\u00e7\u00e3o \u00e0 constru\u00e7\u00e3o de um futuro mais verde e sustent\u00e1vel para as pr\u00f3ximas gera\u00e7\u00f5es. Anos no mercado + 0 Unidades entregues + 0 Voc\u00ea a um passo de ter o seu ref\u00fagio! Preencha o formul\u00e1rio: Nome: Telefone: Cidade\/Estado: Mensagem: Empreendimento de Interesse:Praia BelaPraia de Gravat\u00e1 Eco residencePraia de Gravat\u00e1 PrimePraia de Gravat\u00e1Bang\u00e2lo &#8211; Ecolodge<\/p>\n","protected":false},"author":3,"featured_media":0,"parent":0,"menu_order":0,"comment_status":"closed","ping_status":"closed","template":"elementor_canvas","meta":{"footnotes":""},"class_list":["post-1488","page","type-page","status-publish","hentry"],"_links":{"self":[{"href":"https:\/\/otimizandosite.online\/abm\/wp-json\/wp\/v2\/pages\/1488","targetHints":{"allow":["GET"]}}],"collection":[{"href":"https:\/\/otimizandosite.online\/abm\/wp-json\/wp\/v2\/pages"}],"about":[{"href":"https:\/\/otimizandosite.online\/abm\/wp-json\/wp\/v2\/types\/page"}],"author":[{"embeddable":true,"href":"https:\/\/otimizandosite.online\/abm\/wp-json\/wp\/v2\/users\/3"}],"replies":[{"embeddable":true,"href":"https:\/\/otimizandosite.online\/abm\/wp-json\/wp\/v2\/comments?post=1488"}],"version-history":[{"count":28,"href":"https:\/\/otimizandosite.online\/abm\/wp-json\/wp\/v2\/pages\/1488\/revisions"}],"predecessor-version":[{"id":2159,"href":"https:\/\/otimizandosite.online\/abm\/wp-json\/wp\/v2\/pages\/1488\/revisions\/2159"}],"wp:attachment":[{"href":"https:\/\/otimizandosite.online\/abm\/wp-json\/wp\/v2\/media?parent=1488"}],"curies":[{"name":"wp","href":"https:\/\/api.w.org\/{rel}","templated":true}]}}