{"id":1479,"date":"2025-08-11T04:05:17","date_gmt":"2025-08-11T02:05:17","guid":{"rendered":"https:\/\/otimizandosite.online\/abm\/?page_id=1479"},"modified":"2025-09-01T03:14:38","modified_gmt":"2025-09-01T01:14:38","slug":"sobre-nos","status":"publish","type":"page","link":"https:\/\/otimizandosite.online\/abm\/sobre-nos\/","title":{"rendered":"Sobre n\u00f3s"},"content":{"rendered":"\t\t<div data-elementor-type=\"wp-page\" data-elementor-id=\"1479\" class=\"elementor elementor-1479\" data-elementor-post-type=\"page\">\n\t\t\t\t<div class=\"elementor-element elementor-element-2254bd5 e-con-full e-flex wpr-particle-no wpr-jarallax-no wpr-parallax-no wpr-sticky-section-no e-con e-parent\" data-id=\"2254bd5\" data-element_type=\"container\">\n\t\t\t\t<\/div>\n\t\t<div class=\"elementor-element elementor-element-6c30fed e-flex e-con-boxed wpr-particle-no wpr-jarallax-no wpr-parallax-no wpr-sticky-section-no e-con e-parent\" data-id=\"6c30fed\" data-element_type=\"container\" data-settings=\"{&quot;background_background&quot;:&quot;classic&quot;}\">\n\t\t\t\t\t<div class=\"e-con-inner\">\n\t\t\t\t<div class=\"elementor-element elementor-element-4d401b8 animated-slow elementor-widget elementor-widget-heading\" data-id=\"4d401b8\" data-element_type=\"widget\" data-settings=\"{&quot;_animation&quot;:&quot;none&quot;}\" data-widget_type=\"heading.default\">\n\t\t\t\t\t<h2 class=\"elementor-heading-title elementor-size-default\">Sobre N\u00f3s:<\/h2>\t\t\t\t<\/div>\n\t\t\t\t\t<\/div>\n\t\t\t\t<\/div>\n\t\t<div class=\"elementor-element elementor-element-8fbf756 e-flex e-con-boxed wpr-particle-no wpr-jarallax-no wpr-parallax-no wpr-sticky-section-no e-con e-parent\" data-id=\"8fbf756\" data-element_type=\"container\">\n\t\t\t\t\t<div class=\"e-con-inner\">\n\t\t<div class=\"elementor-element elementor-element-e3214dd e-con-full e-flex wpr-particle-no wpr-jarallax-no wpr-parallax-no wpr-sticky-section-no e-con e-child\" data-id=\"e3214dd\" data-element_type=\"container\">\n\t\t<div class=\"elementor-element elementor-element-45363f2 e-con-full e-flex wpr-particle-no wpr-jarallax-no wpr-parallax-no wpr-sticky-section-no e-con e-child\" data-id=\"45363f2\" data-element_type=\"container\">\n\t\t\t\t<div class=\"elementor-element elementor-element-d37dd14 elementor-widget elementor-widget-heading\" data-id=\"d37dd14\" data-element_type=\"widget\" data-widget_type=\"heading.default\">\n\t\t\t\t\t<h2 class=\"elementor-heading-title elementor-size-default\">Miss\u00e3o<\/h2>\t\t\t\t<\/div>\n\t\t\t\t<div class=\"elementor-element elementor-element-ca21ccb elementor-widget elementor-widget-text-editor\" data-id=\"ca21ccb\" data-element_type=\"widget\" data-widget_type=\"text-editor.default\">\n\t\t\t\t\t\t\t\t\t<p>&#8220;Desenvolver empreendimentos imobili\u00e1rios que unam qualidade, valoriza\u00e7\u00e3o e sustentabilidade, promovendo o crescimento respons\u00e1vel no litoral sul de Pernambuco e norte de Alagoas, com respeito ao meio ambiente e compromisso com nossos clientes.&#8221;<\/p>\t\t\t\t\t\t\t\t<\/div>\n\t\t\t\t<\/div>\n\t\t<div class=\"elementor-element elementor-element-b392a55 e-con-full e-flex wpr-particle-no wpr-jarallax-no wpr-parallax-no wpr-sticky-section-no e-con e-child\" data-id=\"b392a55\" data-element_type=\"container\">\n\t\t\t\t<div class=\"elementor-element elementor-element-5f5bda4 elementor-widget elementor-widget-heading\" data-id=\"5f5bda4\" data-element_type=\"widget\" data-widget_type=\"heading.default\">\n\t\t\t\t\t<h2 class=\"elementor-heading-title elementor-size-default\">Vis\u00e3o<\/h2>\t\t\t\t<\/div>\n\t\t\t\t<div class=\"elementor-element elementor-element-2f47d38 elementor-widget elementor-widget-text-editor\" data-id=\"2f47d38\" data-element_type=\"widget\" data-widget_type=\"text-editor.default\">\n\t\t\t\t\t\t\t\t\t<p>&#8220;Ser refer\u00eancia no Nordeste em condom\u00ednios de lotes sustent\u00e1veis, reconhecida pela excel\u00eancia, inova\u00e7\u00e3o e respeito \u00e0 natureza, consolidando empreendimentos que geram valor duradouro para as pessoas e para o territ\u00f3rio onde atuamos.&#8221;<\/p>\t\t\t\t\t\t\t\t<\/div>\n\t\t\t\t<\/div>\n\t\t<div class=\"elementor-element elementor-element-93b2adc e-con-full e-flex wpr-particle-no wpr-jarallax-no wpr-parallax-no wpr-sticky-section-no e-con e-child\" data-id=\"93b2adc\" data-element_type=\"container\">\n\t\t\t\t<div class=\"elementor-element elementor-element-da3674c elementor-widget elementor-widget-heading\" data-id=\"da3674c\" data-element_type=\"widget\" data-widget_type=\"heading.default\">\n\t\t\t\t\t<h2 class=\"elementor-heading-title elementor-size-default\">Valores<\/h2>\t\t\t\t<\/div>\n\t\t\t\t<div class=\"elementor-element elementor-element-5408dae elementor-widget elementor-widget-text-editor\" data-id=\"5408dae\" data-element_type=\"widget\" data-widget_type=\"text-editor.default\">\n\t\t\t\t\t\t\t\t\t<p>I &#8211;\u00a0 Sustentabilidade: Compromisso com o meio ambiente em todas as fases dos projetos<br \/>II &#8211; Excel\u00eancia: Busca cont\u00ednua por qualidade e inova\u00e7\u00e3o<br \/>III &#8211; Valoriza\u00e7\u00e3o: Foco em empreendimentos com potencial de crescimento e retorno<br \/>IV &#8211; Responsabilidade: Atua\u00e7\u00e3o \u00e9tica e transparente com clientes, parceiros e comunidades<br \/>V &#8211; Comprometimento: Entregar o que prometemos com rigor e profissionalismo<br \/>VI &#8211; Respeito: Valoriza\u00e7\u00e3o das pessoas, da natureza e das rela\u00e7\u00f5es humanas<\/p>\t\t\t\t\t\t\t\t<\/div>\n\t\t\t\t<\/div>\n\t\t\t\t<\/div>\n\t\t<div class=\"elementor-element elementor-element-0e9e301 e-con-full e-flex wpr-particle-no wpr-jarallax-no wpr-parallax-no wpr-sticky-section-no e-con e-child\" data-id=\"0e9e301\" data-element_type=\"container\">\n\t\t\t\t<div class=\"elementor-element elementor-element-1ea8c48 elementor-widget elementor-widget-image\" data-id=\"1ea8c48\" data-element_type=\"widget\" data-widget_type=\"image.default\">\n\t\t\t\t\t\t\t\t\t\t\t\t\t\t\t<img fetchpriority=\"high\" decoding=\"async\" width=\"2240\" height=\"1260\" src=\"https:\/\/otimizandosite.online\/abm\/wp-content\/uploads\/2025\/08\/Design-sem-nome-3.svg\" class=\"attachment-full size-full wp-image-1319\" alt=\"\" \/>\t\t\t\t\t\t\t\t\t\t\t\t\t\t\t<\/div>\n\t\t\t\t<div class=\"elementor-element elementor-element-b2a7214 elementor-widget elementor-widget-text-editor\" data-id=\"b2a7214\" data-element_type=\"widget\" data-widget_type=\"text-editor.default\">\n\t\t\t\t\t\t\t\t\t<p>A ABM Incorpora\u00e7\u00f5es \u00e9 uma empresa renomada, especializada no desenvolvimento de condom\u00ednios de lotes no litoral sul de Pernambuco e no litoral norte de Alagoas. Fundada em 2001, nossa trajet\u00f3ria \u00e9 marcada pela excel\u00eancia e inova\u00e7\u00e3o. Com uma s\u00e9rie de projetos lan\u00e7ados e entregues, nos destacamos pela qualidade e valoriza\u00e7\u00e3o dos nossos empreendimentos.<\/p>\t\t\t\t\t\t\t\t<\/div>\n\t\t\t\t<\/div>\n\t\t\t\t\t<\/div>\n\t\t\t\t<\/div>\n\t\t<div class=\"elementor-element elementor-element-d00a3c6 e-flex e-con-boxed wpr-particle-no wpr-jarallax-no wpr-parallax-no wpr-sticky-section-no e-con e-parent\" data-id=\"d00a3c6\" data-element_type=\"container\" data-settings=\"{&quot;background_background&quot;:&quot;classic&quot;}\">\n\t\t\t\t\t<div class=\"e-con-inner\">\n\t\t<div class=\"elementor-element elementor-element-4975fd2 e-con-full e-flex wpr-particle-no wpr-jarallax-no wpr-parallax-no wpr-sticky-section-no e-con e-child\" data-id=\"4975fd2\" data-element_type=\"container\" data-settings=\"{&quot;background_background&quot;:&quot;gradient&quot;}\">\n\t\t<div class=\"elementor-element elementor-element-30b3755 e-con-full e-flex wpr-particle-no wpr-jarallax-no wpr-parallax-no wpr-sticky-section-no e-con e-child\" data-id=\"30b3755\" data-element_type=\"container\">\n\t\t\t\t<div class=\"elementor-element elementor-element-04567af elementor-widget elementor-widget-counter\" data-id=\"04567af\" data-element_type=\"widget\" data-widget_type=\"counter.default\">\n\t\t\t\t\t\t\t<div class=\"elementor-counter\">\n\t\t\t<div class=\"elementor-counter-title\">Anos no mercado<\/div>\t\t\t<div class=\"elementor-counter-number-wrapper\">\n\t\t\t\t<span class=\"elementor-counter-number-prefix\">+<\/span>\n\t\t\t\t<span class=\"elementor-counter-number\" data-duration=\"2000\" data-to-value=\"24\" data-from-value=\"0\" data-delimiter=\",\">0<\/span>\n\t\t\t\t<span class=\"elementor-counter-number-suffix\"><\/span>\n\t\t\t<\/div>\n\t\t<\/div>\n\t\t\t\t\t\t<\/div>\n\t\t\t\t<\/div>\n\t\t<div class=\"elementor-element elementor-element-7b6dda9 e-con-full e-flex wpr-particle-no wpr-jarallax-no wpr-parallax-no wpr-sticky-section-no e-con e-child\" data-id=\"7b6dda9\" data-element_type=\"container\">\n\t\t\t\t<div class=\"elementor-element elementor-element-578d9c5 elementor-widget elementor-widget-counter\" data-id=\"578d9c5\" data-element_type=\"widget\" data-widget_type=\"counter.default\">\n\t\t\t\t\t\t\t<div class=\"elementor-counter\">\n\t\t\t<div class=\"elementor-counter-title\">Unidades entregues<\/div>\t\t\t<div class=\"elementor-counter-number-wrapper\">\n\t\t\t\t<span class=\"elementor-counter-number-prefix\">+<\/span>\n\t\t\t\t<span class=\"elementor-counter-number\" data-duration=\"2000\" data-to-value=\"3.398\" data-from-value=\"0\" data-delimiter=\",\">0<\/span>\n\t\t\t\t<span class=\"elementor-counter-number-suffix\"><\/span>\n\t\t\t<\/div>\n\t\t<\/div>\n\t\t\t\t\t\t<\/div>\n\t\t\t\t<\/div>\n\t\t\t\t<\/div>\n\t\t\t\t\t<\/div>\n\t\t\t\t<\/div>\n\t\t<div class=\"elementor-element elementor-element-920af24 e-flex e-con-boxed wpr-particle-no wpr-jarallax-no wpr-parallax-no wpr-sticky-section-no e-con e-parent\" data-id=\"920af24\" data-element_type=\"container\">\n\t\t\t\t\t<div class=\"e-con-inner\">\n\t\t\t\t<div class=\"elementor-element elementor-element-d6d07c7 animated-slow elementor-invisible elementor-widget elementor-widget-heading\" data-id=\"d6d07c7\" data-element_type=\"widget\" data-settings=\"{&quot;_animation&quot;:&quot;fadeInLeft&quot;}\" data-widget_type=\"heading.default\">\n\t\t\t\t\t<h2 class=\"elementor-heading-title elementor-size-default\">Voc\u00ea a um passo de ter o seu ref\u00fagio!<\/h2>\t\t\t\t<\/div>\n\t\t\t\t\t<\/div>\n\t\t\t\t<\/div>\n\t\t<div class=\"elementor-element elementor-element-fda7c57 e-flex e-con-boxed wpr-particle-no wpr-jarallax-no wpr-parallax-no wpr-sticky-section-no e-con e-parent\" data-id=\"fda7c57\" data-element_type=\"container\">\n\t\t\t\t\t<div class=\"e-con-inner\">\n\t\t<div class=\"elementor-element elementor-element-84dce5d e-con-full e-flex wpr-particle-no wpr-jarallax-no wpr-parallax-no wpr-sticky-section-no elementor-invisible e-con e-child\" data-id=\"84dce5d\" data-element_type=\"container\" data-settings=\"{&quot;animation&quot;:&quot;fadeInDown&quot;}\">\n\t\t\t\t<div class=\"elementor-element elementor-element-2f2a82a animated-slow elementor-invisible elementor-widget elementor-widget-text-editor\" data-id=\"2f2a82a\" data-element_type=\"widget\" data-settings=\"{&quot;_animation&quot;:&quot;fadeInUp&quot;}\" data-widget_type=\"text-editor.default\">\n\t\t\t\t\t\t\t\t\t<p><span style=\"vertical-align: inherit;\"><span style=\"vertical-align: inherit;\">Preencha o formul\u00e1rio:<\/span><\/span><\/p>\t\t\t\t\t\t\t\t<\/div>\n\t\t\t\t<div class=\"elementor-element elementor-element-ac3eb60 elementor-widget__width-inherit wpr-forms-align-left wpr-forms-submit-left elementor-widget elementor-widget-wpr-forms\" data-id=\"ac3eb60\" data-element_type=\"widget\" data-widget_type=\"wpr-forms.default\">\n\t\t\t\t\t<div class=\"wpr-forms-container wpr-custom-chk-radio\">\n<div class=\"wpcf7 no-js\" id=\"wpcf7-f624-o1\" lang=\"pt-BR\" dir=\"ltr\" data-wpcf7-id=\"624\">\n<div class=\"screen-reader-response\"><p role=\"status\" aria-live=\"polite\" aria-atomic=\"true\"><\/p> <ul><\/ul><\/div>\n<form action=\"\/abm\/wp-json\/wp\/v2\/pages\/1479#wpcf7-f624-o1\" method=\"post\" class=\"wpcf7-form init\" aria-label=\"Formul\u00e1rios de contato\" novalidate=\"novalidate\" data-status=\"init\">\n<fieldset class=\"hidden-fields-container\"><input type=\"hidden\" name=\"_wpcf7\" value=\"624\" \/><input type=\"hidden\" name=\"_wpcf7_version\" value=\"6.1.1\" \/><input type=\"hidden\" name=\"_wpcf7_locale\" value=\"pt_BR\" \/><input type=\"hidden\" name=\"_wpcf7_unit_tag\" value=\"wpcf7-f624-o1\" \/><input type=\"hidden\" name=\"_wpcf7_container_post\" value=\"0\" \/><input type=\"hidden\" name=\"_wpcf7_posted_data_hash\" value=\"\" \/>\n<\/fieldset>\n<p><label>Nome:<\/label><span class=\"wpcf7-form-control-wrap\" data-name=\"text-151\"><input size=\"40\" maxlength=\"400\" class=\"wpcf7-form-control wpcf7-text\" aria-invalid=\"false\" value=\"\" type=\"text\" name=\"text-151\" \/><\/span>\n<\/p>\n<p><label> Telefone: <\/label><span class=\"wpcf7-form-control-wrap\" data-name=\"text-151\"><input size=\"40\" maxlength=\"400\" class=\"wpcf7-form-control wpcf7-text\" aria-invalid=\"false\" value=\"\" type=\"text\" name=\"text-151\" \/><\/span>\n<\/p>\n<p><label>Cidade\/Estado: <\/label><span class=\"wpcf7-form-control-wrap\" data-name=\"text-151\"><input size=\"40\" maxlength=\"400\" class=\"wpcf7-form-control wpcf7-text\" aria-invalid=\"false\" value=\"\" type=\"text\" name=\"text-151\" \/><\/span>\n<\/p>\n<p><label> Mensagem: <\/label><span class=\"wpcf7-form-control-wrap\" data-name=\"text-151\"><input size=\"40\" maxlength=\"400\" class=\"wpcf7-form-control wpcf7-text\" aria-invalid=\"false\" value=\"\" type=\"text\" name=\"text-151\" \/><\/span>\n<\/p>\n<p><label> Empreendimento de Interesse:<span class=\"wpcf7-form-control-wrap\" data-name=\"Motodeinteresse\"><select class=\"wpcf7-form-control wpcf7-select wpcf7-validates-as-required\" aria-required=\"true\" aria-invalid=\"false\" name=\"Motodeinteresse\"><option value=\"Praia Bela\">Praia Bela<\/option><option value=\"Praia de Gravat\u00e1 Eco residence\">Praia de Gravat\u00e1 Eco residence<\/option><option value=\"Praia de Gravat\u00e1 Prime\">Praia de Gravat\u00e1 Prime<\/option><option value=\"Praia de Gravat\u00e1\">Praia de Gravat\u00e1<\/option><option value=\"Bang\u00e2lo - Ecolodge\">Bang\u00e2lo - Ecolodge<\/option><\/select><\/span><br \/>\n<input class=\"wpcf7-form-control wpcf7-submit has-spinner\" type=\"submit\" value=\"Enviar\" \/><\/label>\n<\/p><div class=\"wpcf7-response-output\" aria-hidden=\"true\"><\/div>\n<\/form>\n<\/div>\n<\/div>\t\t\t\t<\/div>\n\t\t\t\t<\/div>\n\t\t\t\t\t<\/div>\n\t\t\t\t<\/div>\n\t\t\t\t<\/div>\n\t\t","protected":false},"excerpt":{"rendered":"<p>Sobre N\u00f3s: Miss\u00e3o &#8220;Desenvolver empreendimentos imobili\u00e1rios que unam qualidade, valoriza\u00e7\u00e3o e sustentabilidade, promovendo o crescimento respons\u00e1vel no litoral sul de Pernambuco e norte de Alagoas, com respeito ao meio ambiente e compromisso com nossos clientes.&#8221; Vis\u00e3o &#8220;Ser refer\u00eancia no Nordeste em condom\u00ednios de lotes sustent\u00e1veis, reconhecida pela excel\u00eancia, inova\u00e7\u00e3o e respeito \u00e0 natureza, consolidando empreendimentos que geram valor duradouro para as pessoas e para o territ\u00f3rio onde atuamos.&#8221; Valores I &#8211;\u00a0 Sustentabilidade: Compromisso com o meio ambiente em todas as fases dos projetosII &#8211; Excel\u00eancia: Busca cont\u00ednua por qualidade e inova\u00e7\u00e3oIII &#8211; Valoriza\u00e7\u00e3o: Foco em empreendimentos com potencial de crescimento e retornoIV &#8211; Responsabilidade: Atua\u00e7\u00e3o \u00e9tica e transparente com clientes, parceiros e comunidadesV &#8211; Comprometimento: Entregar o que prometemos com rigor e profissionalismoVI &#8211; Respeito: Valoriza\u00e7\u00e3o das pessoas, da natureza e das rela\u00e7\u00f5es humanas A ABM Incorpora\u00e7\u00f5es \u00e9 uma empresa renomada, especializada no desenvolvimento de condom\u00ednios de lotes no litoral sul de Pernambuco e no litoral norte de Alagoas. Fundada em 2001, nossa trajet\u00f3ria \u00e9 marcada pela excel\u00eancia e inova\u00e7\u00e3o. Com uma s\u00e9rie de projetos lan\u00e7ados e entregues, nos destacamos pela qualidade e valoriza\u00e7\u00e3o dos nossos empreendimentos. Anos no mercado + 0 Unidades entregues + 0 Voc\u00ea a um passo de ter o seu ref\u00fagio! Preencha o formul\u00e1rio: Nome: Telefone: Cidade\/Estado: Mensagem: Empreendimento de Interesse:Praia BelaPraia de Gravat\u00e1 Eco residencePraia de Gravat\u00e1 PrimePraia de Gravat\u00e1Bang\u00e2lo &#8211; Ecolodge<\/p>\n","protected":false},"author":3,"featured_media":0,"parent":0,"menu_order":0,"comment_status":"closed","ping_status":"closed","template":"elementor_canvas","meta":{"footnotes":""},"class_list":["post-1479","page","type-page","status-publish","hentry"],"_links":{"self":[{"href":"https:\/\/otimizandosite.online\/abm\/wp-json\/wp\/v2\/pages\/1479","targetHints":{"allow":["GET"]}}],"collection":[{"href":"https:\/\/otimizandosite.online\/abm\/wp-json\/wp\/v2\/pages"}],"about":[{"href":"https:\/\/otimizandosite.online\/abm\/wp-json\/wp\/v2\/types\/page"}],"author":[{"embeddable":true,"href":"https:\/\/otimizandosite.online\/abm\/wp-json\/wp\/v2\/users\/3"}],"replies":[{"embeddable":true,"href":"https:\/\/otimizandosite.online\/abm\/wp-json\/wp\/v2\/comments?post=1479"}],"version-history":[{"count":34,"href":"https:\/\/otimizandosite.online\/abm\/wp-json\/wp\/v2\/pages\/1479\/revisions"}],"predecessor-version":[{"id":2156,"href":"https:\/\/otimizandosite.online\/abm\/wp-json\/wp\/v2\/pages\/1479\/revisions\/2156"}],"wp:attachment":[{"href":"https:\/\/otimizandosite.online\/abm\/wp-json\/wp\/v2\/media?parent=1479"}],"curies":[{"name":"wp","href":"https:\/\/api.w.org\/{rel}","templated":true}]}}